{"id":1009,"date":"2020-07-22T08:12:46","date_gmt":"2020-07-22T08:12:46","guid":{"rendered":"https:\/\/www.europabarbacoa.es\/?page_id=1009"},"modified":"2020-08-25T08:03:56","modified_gmt":"2020-08-25T08:03:56","slug":"grupos-y-eventos","status":"publish","type":"page","link":"https:\/\/www.europabarbacoa.es\/grupos-y-eventos\/","title":{"rendered":"GRUPOS Y EVENTOS"},"content":{"rendered":"\t\t<div data-elementor-type=\"wp-post\" data-elementor-id=\"1009\" class=\"elementor elementor-1009\" data-elementor-post-type=\"page\">\n\t\t\t\t\t\t<section class=\"elementor-section elementor-top-section elementor-element elementor-element-494f570a elementor-section-height-min-height elementor-section-content-middle elementor-section-full_width elementor-section-height-default elementor-section-items-middle\" data-id=\"494f570a\" data-element_type=\"section\" data-e-type=\"section\" data-settings=\"{&quot;background_background&quot;:&quot;classic&quot;}\">\n\t\t\t\t\t\t\t<div class=\"elementor-background-overlay\"><\/div>\n\t\t\t\t\t\t\t<div class=\"elementor-container elementor-column-gap-extended\">\n\t\t\t\t\t<div class=\"elementor-column elementor-col-16 elementor-top-column elementor-element elementor-element-210c1c72\" data-id=\"210c1c72\" data-element_type=\"column\" data-e-type=\"column\">\n\t\t\t<div class=\"elementor-widget-wrap\">\n\t\t\t\t\t\t\t<\/div>\n\t\t<\/div>\n\t\t\t\t<div class=\"elementor-column elementor-col-66 elementor-top-column elementor-element elementor-element-7866b56d\" data-id=\"7866b56d\" data-element_type=\"column\" data-e-type=\"column\">\n\t\t\t<div class=\"elementor-widget-wrap elementor-element-populated\">\n\t\t\t\t\t\t<div class=\"elementor-element elementor-element-af74da5 elementor-invisible elementor-widget elementor-widget-heading\" data-id=\"af74da5\" data-element_type=\"widget\" data-e-type=\"widget\" data-settings=\"{&quot;_animation&quot;:&quot;fadeInUp&quot;,&quot;_animation_delay&quot;:200}\" data-widget_type=\"heading.default\">\n\t\t\t\t<div class=\"elementor-widget-container\">\n\t\t\t\t\t<h1 class=\"elementor-heading-title elementor-size-default\">Grupos y Eventos<\/h1>\t\t\t\t<\/div>\n\t\t\t\t<\/div>\n\t\t\t\t\t<\/div>\n\t\t<\/div>\n\t\t\t\t<div class=\"elementor-column elementor-col-16 elementor-top-column elementor-element elementor-element-5dd45d67\" data-id=\"5dd45d67\" data-element_type=\"column\" data-e-type=\"column\">\n\t\t\t<div class=\"elementor-widget-wrap\">\n\t\t\t\t\t\t\t<\/div>\n\t\t<\/div>\n\t\t\t\t\t<\/div>\n\t\t<\/section>\n\t\t\t\t<section class=\"elementor-section elementor-top-section elementor-element elementor-element-438be5a1 elementor-section-boxed elementor-section-height-default elementor-section-height-default\" data-id=\"438be5a1\" data-element_type=\"section\" data-e-type=\"section\" data-settings=\"{&quot;background_background&quot;:&quot;gradient&quot;}\">\n\t\t\t\t\t\t\t<div class=\"elementor-background-overlay\"><\/div>\n\t\t\t\t\t\t\t<div class=\"elementor-container elementor-column-gap-no\">\n\t\t\t\t\t<div class=\"elementor-column elementor-col-100 elementor-top-column elementor-element elementor-element-7d758eb\" data-id=\"7d758eb\" data-element_type=\"column\" data-e-type=\"column\">\n\t\t\t<div class=\"elementor-widget-wrap elementor-element-populated\">\n\t\t\t\t\t\t<div class=\"elementor-element elementor-element-34dd40a elementor-widget elementor-widget-text-editor\" data-id=\"34dd40a\" data-element_type=\"widget\" data-e-type=\"widget\" data-widget_type=\"text-editor.default\">\n\t\t\t\t<div class=\"elementor-widget-container\">\n\t\t\t\t\t\t\t\t\t<p>Almuerzos, presentaciones de productos, seminarios, ruedas de prensa, bodas, desayunos ejecutivos\u2026<br \/>Europa Barbacoa aporta con sus a\u00f1os de trayectoria, la experiencia<br \/>para desarrollar con \u00e9xito un evento corporativo o particular.<br \/>Espacios, propuestas gastron\u00f3micas y decoraci\u00f3n a medida para eventos especiales y todo ello a 200 metros del mar.<\/p>\t\t\t\t\t\t\t\t<\/div>\n\t\t\t\t<\/div>\n\t\t\t\t<div class=\"elementor-element elementor-element-7ce6df5 elementor-widget elementor-widget-image\" data-id=\"7ce6df5\" data-element_type=\"widget\" data-e-type=\"widget\" data-widget_type=\"image.default\">\n\t\t\t\t<div class=\"elementor-widget-container\">\n\t\t\t\t\t\t\t\t\t\t\t\t\t\t\t\t<a href=\"https:\/\/www.europabarbacoa.es\/index.php\/eventos-y-grupos\">\n\t\t\t\t\t\t\t<img fetchpriority=\"high\" decoding=\"async\" width=\"721\" height=\"1024\" src=\"https:\/\/www.europabarbacoa.es\/wp-content\/uploads\/2020\/07\/MENU-DE-GRUPOS-Y-EVENTOS_v9-1920x2725-1-721x1024.gif\" class=\"attachment-large size-large wp-image-1006\" alt=\"\" srcset=\"https:\/\/www.europabarbacoa.es\/wp-content\/uploads\/2020\/07\/MENU-DE-GRUPOS-Y-EVENTOS_v9-1920x2725-1-721x1024.gif 721w, https:\/\/www.europabarbacoa.es\/wp-content\/uploads\/2020\/07\/MENU-DE-GRUPOS-Y-EVENTOS_v9-1920x2725-1-scaled-600x851.gif 600w, https:\/\/www.europabarbacoa.es\/wp-content\/uploads\/2020\/07\/MENU-DE-GRUPOS-Y-EVENTOS_v9-1920x2725-1-211x300.gif 211w, https:\/\/www.europabarbacoa.es\/wp-content\/uploads\/2020\/07\/MENU-DE-GRUPOS-Y-EVENTOS_v9-1920x2725-1-768x1090.gif 768w, https:\/\/www.europabarbacoa.es\/wp-content\/uploads\/2020\/07\/MENU-DE-GRUPOS-Y-EVENTOS_v9-1920x2725-1-1082x1536.gif 1082w, https:\/\/www.europabarbacoa.es\/wp-content\/uploads\/2020\/07\/MENU-DE-GRUPOS-Y-EVENTOS_v9-1920x2725-1-1443x2048.gif 1443w\" sizes=\"(max-width: 721px) 100vw, 721px\" \/>\t\t\t\t\t\t\t\t<\/a>\n\t\t\t\t\t\t\t\t\t\t\t\t\t\t\t<\/div>\n\t\t\t\t<\/div>\n\t\t\t\t\t<\/div>\n\t\t<\/div>\n\t\t\t\t\t<\/div>\n\t\t<\/section>\n\t\t\t\t<\/div>\n\t\t","protected":false},"excerpt":{"rendered":"<p>Grupos y Eventos Almuerzos, presentaciones de productos, seminarios, ruedas de prensa, bodas, desayunos ejecutivos\u2026Europa Barbacoa aporta con sus a\u00f1os de trayectoria, la experienciapara desarrollar con \u00e9xito un evento corporativo o particular.Espacios, propuestas gastron\u00f3micas y decoraci\u00f3n a medida para eventos especiales y todo ello a 200 metros del mar.<\/p>\n","protected":false},"author":1,"featured_media":0,"parent":0,"menu_order":2,"comment_status":"closed","ping_status":"closed","template":"elementor_header_footer","meta":{"footnotes":""},"class_list":["post-1009","page","type-page","status-publish","hentry"],"_links":{"self":[{"href":"https:\/\/www.europabarbacoa.es\/wp-json\/wp\/v2\/pages\/1009","targetHints":{"allow":["GET"]}}],"collection":[{"href":"https:\/\/www.europabarbacoa.es\/wp-json\/wp\/v2\/pages"}],"about":[{"href":"https:\/\/www.europabarbacoa.es\/wp-json\/wp\/v2\/types\/page"}],"author":[{"embeddable":true,"href":"https:\/\/www.europabarbacoa.es\/wp-json\/wp\/v2\/users\/1"}],"replies":[{"embeddable":true,"href":"https:\/\/www.europabarbacoa.es\/wp-json\/wp\/v2\/comments?post=1009"}],"version-history":[{"count":12,"href":"https:\/\/www.europabarbacoa.es\/wp-json\/wp\/v2\/pages\/1009\/revisions"}],"predecessor-version":[{"id":1346,"href":"https:\/\/www.europabarbacoa.es\/wp-json\/wp\/v2\/pages\/1009\/revisions\/1346"}],"wp:attachment":[{"href":"https:\/\/www.europabarbacoa.es\/wp-json\/wp\/v2\/media?parent=1009"}],"curies":[{"name":"wp","href":"https:\/\/api.w.org\/{rel}","templated":true}]}}