{"id":13,"date":"2018-10-01T13:10:34","date_gmt":"2018-10-01T13:10:34","guid":{"rendered":"https:\/\/www.europabarbacoa.es\/index.php\/contact-us"},"modified":"2024-03-19T16:31:12","modified_gmt":"2024-03-19T15:31:12","slug":"contact-us","status":"publish","type":"page","link":"https:\/\/www.europabarbacoa.es\/contact-us\/","title":{"rendered":"CONTACTO"},"content":{"rendered":"\t\t<div data-elementor-type=\"wp-post\" data-elementor-id=\"13\" class=\"elementor elementor-13\" data-elementor-post-type=\"page\">\n\t\t\t\t\t\t<section class=\"elementor-section elementor-top-section elementor-element elementor-element-ed7ea5a elementor-section-height-min-height elementor-section-content-middle elementor-section-full_width elementor-section-height-default elementor-section-items-middle\" data-id=\"ed7ea5a\" data-element_type=\"section\" data-e-type=\"section\" id=\"inicio\" data-settings=\"{&quot;background_background&quot;:&quot;classic&quot;}\">\n\t\t\t\t\t\t\t<div class=\"elementor-background-overlay\"><\/div>\n\t\t\t\t\t\t\t<div class=\"elementor-container elementor-column-gap-extended\">\n\t\t\t\t\t<div class=\"elementor-column elementor-col-16 elementor-top-column elementor-element elementor-element-0091c7b\" data-id=\"0091c7b\" data-element_type=\"column\" data-e-type=\"column\">\n\t\t\t<div class=\"elementor-widget-wrap\">\n\t\t\t\t\t\t\t<\/div>\n\t\t<\/div>\n\t\t\t\t<div class=\"elementor-column elementor-col-66 elementor-top-column elementor-element elementor-element-d53b1e7\" data-id=\"d53b1e7\" data-element_type=\"column\" data-e-type=\"column\">\n\t\t\t<div class=\"elementor-widget-wrap elementor-element-populated\">\n\t\t\t\t\t\t<div class=\"elementor-element elementor-element-b78728c elementor-invisible elementor-widget elementor-widget-heading\" data-id=\"b78728c\" data-element_type=\"widget\" data-e-type=\"widget\" data-settings=\"{&quot;_animation&quot;:&quot;fadeInUp&quot;,&quot;_animation_delay&quot;:200}\" data-widget_type=\"heading.default\">\n\t\t\t\t<div class=\"elementor-widget-container\">\n\t\t\t\t\t<h1 class=\"elementor-heading-title elementor-size-default\">Contacto<\/h1>\t\t\t\t<\/div>\n\t\t\t\t<\/div>\n\t\t\t\t<div class=\"elementor-element elementor-element-2a785a5 elementor-hidden-phone elementor-invisible elementor-widget elementor-widget-text-editor\" data-id=\"2a785a5\" data-element_type=\"widget\" data-e-type=\"widget\" data-settings=\"{&quot;_animation&quot;:&quot;fadeInUp&quot;,&quot;_animation_delay&quot;:400}\" data-widget_type=\"text-editor.default\">\n\t\t\t\t<div class=\"elementor-widget-container\">\n\t\t\t\t\t\t\t\t\t<p><span class=\"\">Estamos aqu\u00ed para responder cualquier pregunta que puedas tener sobre nuestra\u00a0<strong>experiencia<\/strong>.<br \/><\/span><span class=\"\">Ponte en contacto con nosotros y te responderemos lo antes posible.<\/span><\/p>\t\t\t\t\t\t\t\t<\/div>\n\t\t\t\t<\/div>\n\t\t\t\t\t<\/div>\n\t\t<\/div>\n\t\t\t\t<div class=\"elementor-column elementor-col-16 elementor-top-column elementor-element elementor-element-fa35ac7\" data-id=\"fa35ac7\" data-element_type=\"column\" data-e-type=\"column\">\n\t\t\t<div class=\"elementor-widget-wrap\">\n\t\t\t\t\t\t\t<\/div>\n\t\t<\/div>\n\t\t\t\t\t<\/div>\n\t\t<\/section>\n\t\t\t\t<section class=\"elementor-section elementor-top-section elementor-element elementor-element-aae1653 elementor-section-boxed elementor-section-height-default elementor-section-height-default\" data-id=\"aae1653\" data-element_type=\"section\" data-e-type=\"section\" data-settings=\"{&quot;background_background&quot;:&quot;classic&quot;}\">\n\t\t\t\t\t\t\t<div class=\"elementor-background-overlay\"><\/div>\n\t\t\t\t\t\t\t<div class=\"elementor-container elementor-column-gap-no\">\n\t\t\t\t\t<div class=\"elementor-column elementor-col-100 elementor-top-column elementor-element elementor-element-5f73514a\" data-id=\"5f73514a\" data-element_type=\"column\" data-e-type=\"column\">\n\t\t\t<div class=\"elementor-widget-wrap elementor-element-populated\">\n\t\t\t\t\t\t<div class=\"elementor-element elementor-element-bf2ddbe elementor-invisible elementor-widget elementor-widget-heading\" data-id=\"bf2ddbe\" data-element_type=\"widget\" data-e-type=\"widget\" data-settings=\"{&quot;_animation&quot;:&quot;fadeInDown&quot;}\" data-widget_type=\"heading.default\">\n\t\t\t\t<div class=\"elementor-widget-container\">\n\t\t\t\t\t<h2 class=\"elementor-heading-title elementor-size-default\">Contacto<\/h2>\t\t\t\t<\/div>\n\t\t\t\t<\/div>\n\t\t\t\t<section class=\"elementor-section elementor-inner-section elementor-element elementor-element-7879b9c elementor-section-boxed elementor-section-height-default elementor-section-height-default\" data-id=\"7879b9c\" data-element_type=\"section\" data-e-type=\"section\">\n\t\t\t\t\t\t<div class=\"elementor-container elementor-column-gap-default\">\n\t\t\t\t\t<div class=\"elementor-column elementor-col-50 elementor-inner-column elementor-element elementor-element-d95f09f\" data-id=\"d95f09f\" data-element_type=\"column\" data-e-type=\"column\">\n\t\t\t<div class=\"elementor-widget-wrap elementor-element-populated\">\n\t\t\t\t\t\t<div class=\"elementor-element elementor-element-555e149 elementor-widget elementor-widget-text-editor\" data-id=\"555e149\" data-element_type=\"widget\" data-e-type=\"widget\" data-widget_type=\"text-editor.default\">\n\t\t\t\t<div class=\"elementor-widget-container\">\n\t\t\t\t\t\t\t\t\t<div style=\"text-align: left;\" data-hspacer=\"line_only\" data-halign=\"center\"><h3 style=\"text-align: left;\"><span style=\"text-decoration: underline;\"><strong>RESTAURANTE<\/strong><\/span><\/h3><p><strong>HORARIO DE PRIMAVERA\/VERANO<\/strong><br \/>De lunes a jueves de 8:30h a 20:00h<br \/>Viernes, s\u00e1bados, domingos y v\u00edsperas de festivos de<br \/>8:30h a 00:00h<\/p><p><span style=\"font-weight: bolder; text-align: left;\">HORARIO DE OTO\u00d1O\/INVIERNO<\/span><br style=\"text-align: left;\" \/><span style=\"text-align: left;\">De lunes a jueves y domingos de 8:30h a 19:00h<\/span><br style=\"text-align: left;\" \/><span style=\"text-align: left;\">Viernes, s\u00e1bados y v\u00edsperas de festivos <\/span><span style=\"font-size: 1rem;\">de 8:30h a 00:00h<\/span><\/p><p style=\"text-align: left;\"><strong>HORARIOS ESPECIALES<\/strong><br \/>Verbena de San Juan (23\/06)<br \/>Fin de a\u00f1o (31\/12)<\/p><hr \/><h3 style=\"text-align: left;\"><strong><br \/><span style=\"text-decoration: underline;\">\u00c1REA PICNIC &#8211; BARBACOAS<\/span><\/strong><\/h3><p style=\"text-align: left;\"><strong>HORARIO PRIMAVERA\/VERANO<\/strong><br \/>Todos los d\u00edas (de lunes a domingo) de 9:00h a 19:00h<\/p><p style=\"text-align: left;\"><span style=\"font-weight: bolder;\">HORARIO OTO\u00d1O\/INVIERNO<\/span><br \/>Todos los d\u00edas (de lunes a domingo) de 9:00h a 18:00h<\/p><p style=\"text-align: left;\"><strong>AUTOBUSES<\/strong> | GA1 \u2013 L94 -L95<\/p><\/div>\t\t\t\t\t\t\t\t<\/div>\n\t\t\t\t<\/div>\n\t\t\t\t\t<\/div>\n\t\t<\/div>\n\t\t\t\t<div class=\"elementor-column elementor-col-50 elementor-inner-column elementor-element elementor-element-f8e3073\" data-id=\"f8e3073\" data-element_type=\"column\" data-e-type=\"column\">\n\t\t\t<div class=\"elementor-widget-wrap elementor-element-populated\">\n\t\t\t\t\t\t<div class=\"elementor-element elementor-element-a7d2ea4 elementor-widget elementor-widget-shortcode\" data-id=\"a7d2ea4\" data-element_type=\"widget\" data-e-type=\"widget\" data-widget_type=\"shortcode.default\">\n\t\t\t\t<div class=\"elementor-widget-container\">\n\t\t\t\t\t\t\t<div class=\"elementor-shortcode\">[wpforms id=\"5\"]<\/div>\n\t\t\t\t\t\t<\/div>\n\t\t\t\t<\/div>\n\t\t\t\t\t<\/div>\n\t\t<\/div>\n\t\t\t\t\t<\/div>\n\t\t<\/section>\n\t\t\t\t<section class=\"elementor-section elementor-inner-section elementor-element elementor-element-c03621a elementor-section-full_width elementor-section-height-default elementor-section-height-default\" data-id=\"c03621a\" data-element_type=\"section\" data-e-type=\"section\">\n\t\t\t\t\t\t<div class=\"elementor-container elementor-column-gap-wider\">\n\t\t\t\t\t<div class=\"elementor-column elementor-col-100 elementor-inner-column elementor-element elementor-element-b4141d1\" data-id=\"b4141d1\" data-element_type=\"column\" data-e-type=\"column\">\n\t\t\t<div class=\"elementor-widget-wrap elementor-element-populated\">\n\t\t\t\t\t\t<div class=\"elementor-element elementor-element-fb350ef elementor-widget elementor-widget-text-editor\" data-id=\"fb350ef\" data-element_type=\"widget\" data-e-type=\"widget\" data-widget_type=\"text-editor.default\">\n\t\t\t\t<div class=\"elementor-widget-container\">\n\t\t\t\t\t\t\t\t\t<p style=\"text-align: center;\"><span style=\"color: #000000;\"><a style=\"color: #000000;\" href=\"https:\/\/g.page\/EuropaBarbacoa?share\" target=\"_blank\" rel=\"noopener\"><span class=\"LrzXr\"><strong>Avda. de Europa, 92, 102 <\/strong><\/span><\/a><span class=\"LrzXr\">08850 | Gav\u00e0 Mar | Barcelon<\/span><span class=\"LrzXr\">a | <\/span><span class=\"LrzXr zdqRlf kno-fv\">Tel. 936 33 06 77 <span class=\"LrzXr\">|\u00a0<\/span> <\/span><a style=\"color: #000000;\" href=\"mailto:info@europabarbacoa.es\" target=\"_blank\" rel=\"noopener\">info@europabarbacoa.es<\/a><\/span><\/p>\t\t\t\t\t\t\t\t<\/div>\n\t\t\t\t<\/div>\n\t\t\t\t<div class=\"elementor-element elementor-element-ef8f13e elementor-widget elementor-widget-google_maps\" data-id=\"ef8f13e\" data-element_type=\"widget\" data-e-type=\"widget\" data-widget_type=\"google_maps.default\">\n\t\t\t\t<div class=\"elementor-widget-container\">\n\t\t\t\t\t\t\t<div class=\"elementor-custom-embed\">\n\t\t\t<iframe loading=\"lazy\"\n\t\t\t\t\tsrc=\"https:\/\/maps.google.com\/maps?q=restaurante%20europa%20gava&#038;t=m&#038;z=15&#038;output=embed&#038;iwloc=near\"\n\t\t\t\t\ttitle=\"restaurante europa gava\"\n\t\t\t\t\taria-label=\"restaurante europa gava\"\n\t\t\t><\/iframe>\n\t\t<\/div>\n\t\t\t\t\t\t<\/div>\n\t\t\t\t<\/div>\n\t\t\t\t\t<\/div>\n\t\t<\/div>\n\t\t\t\t\t<\/div>\n\t\t<\/section>\n\t\t\t\t\t<\/div>\n\t\t<\/div>\n\t\t\t\t\t<\/div>\n\t\t<\/section>\n\t\t\t\t<section class=\"elementor-section elementor-top-section elementor-element elementor-element-446c389a elementor-section-boxed elementor-section-height-default elementor-section-height-default\" data-id=\"446c389a\" data-element_type=\"section\" data-e-type=\"section\">\n\t\t\t\t\t\t<div class=\"elementor-container elementor-column-gap-default\">\n\t\t\t\t\t<div class=\"elementor-column elementor-col-100 elementor-top-column elementor-element elementor-element-2ef65010\" data-id=\"2ef65010\" data-element_type=\"column\" data-e-type=\"column\">\n\t\t\t<div class=\"elementor-widget-wrap elementor-element-populated\">\n\t\t\t\t\t\t<div class=\"elementor-element elementor-element-43dc77b6 elementor-fixed elementor-view-default elementor-widget elementor-widget-icon\" data-id=\"43dc77b6\" data-element_type=\"widget\" data-e-type=\"widget\" data-settings=\"{&quot;_position&quot;:&quot;fixed&quot;}\" data-widget_type=\"icon.default\">\n\t\t\t\t<div class=\"elementor-widget-container\">\n\t\t\t\t\t\t\t<div class=\"elementor-icon-wrapper\">\n\t\t\t<a class=\"elementor-icon\" href=\"#inicio\">\n\t\t\t<i aria-hidden=\"true\" class=\"fas fa-chevron-up\"><\/i>\t\t\t<\/a>\n\t\t<\/div>\n\t\t\t\t\t\t<\/div>\n\t\t\t\t<\/div>\n\t\t\t\t\t<\/div>\n\t\t<\/div>\n\t\t\t\t\t<\/div>\n\t\t<\/section>\n\t\t\t\t<\/div>\n\t\t","protected":false},"excerpt":{"rendered":"<p>Contacto Estamos aqu\u00ed para responder cualquier pregunta que puedas tener sobre nuestra\u00a0experiencia.Ponte en contacto con nosotros y te responderemos lo antes posible. Contacto RESTAURANTE HORARIO DE PRIMAVERA\/VERANODe lunes a jueves de 8:30h a 20:00hViernes, s\u00e1bados, domingos y v\u00edsperas de festivos de8:30h a 00:00h HORARIO DE OTO\u00d1O\/INVIERNODe lunes a jueves y domingos de 8:30h a 19:00hViernes, [&hellip;]<\/p>\n","protected":false},"author":1,"featured_media":0,"parent":0,"menu_order":3,"comment_status":"closed","ping_status":"closed","template":"elementor_header_footer","meta":{"footnotes":""},"class_list":["post-13","page","type-page","status-publish","hentry"],"_links":{"self":[{"href":"https:\/\/www.europabarbacoa.es\/wp-json\/wp\/v2\/pages\/13","targetHints":{"allow":["GET"]}}],"collection":[{"href":"https:\/\/www.europabarbacoa.es\/wp-json\/wp\/v2\/pages"}],"about":[{"href":"https:\/\/www.europabarbacoa.es\/wp-json\/wp\/v2\/types\/page"}],"author":[{"embeddable":true,"href":"https:\/\/www.europabarbacoa.es\/wp-json\/wp\/v2\/users\/1"}],"replies":[{"embeddable":true,"href":"https:\/\/www.europabarbacoa.es\/wp-json\/wp\/v2\/comments?post=13"}],"version-history":[{"count":77,"href":"https:\/\/www.europabarbacoa.es\/wp-json\/wp\/v2\/pages\/13\/revisions"}],"predecessor-version":[{"id":2450,"href":"https:\/\/www.europabarbacoa.es\/wp-json\/wp\/v2\/pages\/13\/revisions\/2450"}],"wp:attachment":[{"href":"https:\/\/www.europabarbacoa.es\/wp-json\/wp\/v2\/media?parent=13"}],"curies":[{"name":"wp","href":"https:\/\/api.w.org\/{rel}","templated":true}]}}