{"id":1443,"date":"2020-08-26T08:35:30","date_gmt":"2020-08-26T08:35:30","guid":{"rendered":"https:\/\/www.europabarbacoa.es\/?page_id=1443"},"modified":"2025-05-27T11:27:21","modified_gmt":"2025-05-27T09:27:21","slug":"menu-nit-experience","status":"publish","type":"page","link":"https:\/\/www.europabarbacoa.es\/menu-nit-experience\/","title":{"rendered":"MEN\u00da NIT EXPERIENCE"},"content":{"rendered":"\t\t<div data-elementor-type=\"wp-post\" data-elementor-id=\"1443\" class=\"elementor elementor-1443\" data-elementor-post-type=\"page\">\n\t\t\t\t\t\t<section class=\"elementor-section elementor-top-section elementor-element elementor-element-494f570a elementor-section-height-min-height elementor-section-content-middle elementor-section-full_width elementor-section-height-default elementor-section-items-middle\" data-id=\"494f570a\" data-element_type=\"section\" data-e-type=\"section\" data-settings=\"{&quot;background_background&quot;:&quot;classic&quot;}\">\n\t\t\t\t\t\t\t<div class=\"elementor-background-overlay\"><\/div>\n\t\t\t\t\t\t\t<div class=\"elementor-container elementor-column-gap-extended\">\n\t\t\t\t\t<div class=\"elementor-column elementor-col-16 elementor-top-column elementor-element elementor-element-210c1c72\" data-id=\"210c1c72\" data-element_type=\"column\" data-e-type=\"column\">\n\t\t\t<div class=\"elementor-widget-wrap\">\n\t\t\t\t\t\t\t<\/div>\n\t\t<\/div>\n\t\t\t\t<div class=\"elementor-column elementor-col-66 elementor-top-column elementor-element elementor-element-7866b56d\" data-id=\"7866b56d\" data-element_type=\"column\" data-e-type=\"column\">\n\t\t\t<div class=\"elementor-widget-wrap elementor-element-populated\">\n\t\t\t\t\t\t<div class=\"elementor-element elementor-element-af74da5 elementor-invisible elementor-widget elementor-widget-heading\" data-id=\"af74da5\" data-element_type=\"widget\" data-e-type=\"widget\" data-settings=\"{&quot;_animation&quot;:&quot;fadeInUp&quot;,&quot;_animation_delay&quot;:200}\" data-widget_type=\"heading.default\">\n\t\t\t\t<div class=\"elementor-widget-container\">\n\t\t\t\t\t<h1 class=\"elementor-heading-title elementor-size-default\">Men\u00fa Nit Experience<\/h1>\t\t\t\t<\/div>\n\t\t\t\t<\/div>\n\t\t\t\t\t<\/div>\n\t\t<\/div>\n\t\t\t\t<div class=\"elementor-column elementor-col-16 elementor-top-column elementor-element elementor-element-5dd45d67\" data-id=\"5dd45d67\" data-element_type=\"column\" data-e-type=\"column\">\n\t\t\t<div class=\"elementor-widget-wrap\">\n\t\t\t\t\t\t\t<\/div>\n\t\t<\/div>\n\t\t\t\t\t<\/div>\n\t\t<\/section>\n\t\t\t\t<section class=\"elementor-section elementor-top-section elementor-element elementor-element-438be5a1 elementor-section-boxed elementor-section-height-default elementor-section-height-default\" data-id=\"438be5a1\" data-element_type=\"section\" data-e-type=\"section\" data-settings=\"{&quot;background_background&quot;:&quot;gradient&quot;}\">\n\t\t\t\t\t\t\t<div class=\"elementor-background-overlay\"><\/div>\n\t\t\t\t\t\t\t<div class=\"elementor-container elementor-column-gap-no\">\n\t\t\t\t\t<div class=\"elementor-column elementor-col-100 elementor-top-column elementor-element elementor-element-7d758eb\" data-id=\"7d758eb\" data-element_type=\"column\" data-e-type=\"column\">\n\t\t\t<div class=\"elementor-widget-wrap elementor-element-populated\">\n\t\t\t\t\t\t<div class=\"elementor-element elementor-element-6662274 elementor-widget elementor-widget-text-editor\" data-id=\"6662274\" data-element_type=\"widget\" data-e-type=\"widget\" data-widget_type=\"text-editor.default\">\n\t\t\t\t<div class=\"elementor-widget-container\">\n\t\t\t\t\t\t\t\t\t<p>Assaboreix, gaudeix, sent aquest men\u00fa elaborat amb productes de primera qualitat.<br \/>Un men\u00fa complet que no passar\u00e0 desapercebut.<br \/>Vine i gaudeix d&#8217;aquesta experi\u00e8ncia \u00fanica a Restaurant Europa Barbacoa.<\/p>\t\t\t\t\t\t\t\t<\/div>\n\t\t\t\t<\/div>\n\t\t\t\t<div class=\"elementor-element elementor-element-6dcaa52 elementor-widget elementor-widget-image\" data-id=\"6dcaa52\" data-element_type=\"widget\" data-e-type=\"widget\" data-widget_type=\"image.default\">\n\t\t\t\t<div class=\"elementor-widget-container\">\n\t\t\t\t\t\t\t\t\t\t\t\t\t\t\t<img fetchpriority=\"high\" decoding=\"async\" width=\"768\" height=\"1084\" src=\"https:\/\/www.europabarbacoa.es\/wp-content\/uploads\/2025\/05\/Menu-Noche-EXPERIENCE-768x1084.png\" class=\"attachment-medium_large size-medium_large wp-image-2549\" alt=\"Menu Noche EXPERIENCE\" srcset=\"https:\/\/www.europabarbacoa.es\/wp-content\/uploads\/2025\/05\/Menu-Noche-EXPERIENCE-768x1084.png 768w, https:\/\/www.europabarbacoa.es\/wp-content\/uploads\/2025\/05\/Menu-Noche-EXPERIENCE-850x1200.png 850w, https:\/\/www.europabarbacoa.es\/wp-content\/uploads\/2025\/05\/Menu-Noche-EXPERIENCE-1088x1536.png 1088w, https:\/\/www.europabarbacoa.es\/wp-content\/uploads\/2025\/05\/Menu-Noche-EXPERIENCE.png 1228w\" sizes=\"(max-width: 768px) 100vw, 768px\" \/>\t\t\t\t\t\t\t\t\t\t\t\t\t\t\t<\/div>\n\t\t\t\t<\/div>\n\t\t\t\t\t<\/div>\n\t\t<\/div>\n\t\t\t\t\t<\/div>\n\t\t<\/section>\n\t\t\t\t<\/div>\n\t\t","protected":false},"excerpt":{"rendered":"<p>Men\u00fa Nit Experience Assaboreix, gaudeix, sent aquest men\u00fa elaborat amb productes de primera qualitat.Un men\u00fa complet que no passar\u00e0 desapercebut.Vine i gaudeix d&#8217;aquesta experi\u00e8ncia \u00fanica a Restaurant Europa Barbacoa.<\/p>\n","protected":false},"author":1,"featured_media":0,"parent":0,"menu_order":2,"comment_status":"closed","ping_status":"closed","template":"elementor_header_footer","meta":{"footnotes":""},"class_list":["post-1443","page","type-page","status-publish","hentry"],"_links":{"self":[{"href":"https:\/\/www.europabarbacoa.es\/wp-json\/wp\/v2\/pages\/1443","targetHints":{"allow":["GET"]}}],"collection":[{"href":"https:\/\/www.europabarbacoa.es\/wp-json\/wp\/v2\/pages"}],"about":[{"href":"https:\/\/www.europabarbacoa.es\/wp-json\/wp\/v2\/types\/page"}],"author":[{"embeddable":true,"href":"https:\/\/www.europabarbacoa.es\/wp-json\/wp\/v2\/users\/1"}],"replies":[{"embeddable":true,"href":"https:\/\/www.europabarbacoa.es\/wp-json\/wp\/v2\/comments?post=1443"}],"version-history":[{"count":9,"href":"https:\/\/www.europabarbacoa.es\/wp-json\/wp\/v2\/pages\/1443\/revisions"}],"predecessor-version":[{"id":2569,"href":"https:\/\/www.europabarbacoa.es\/wp-json\/wp\/v2\/pages\/1443\/revisions\/2569"}],"wp:attachment":[{"href":"https:\/\/www.europabarbacoa.es\/wp-json\/wp\/v2\/media?parent=1443"}],"curies":[{"name":"wp","href":"https:\/\/api.w.org\/{rel}","templated":true}]}}