{"id":890,"date":"2020-07-17T14:09:57","date_gmt":"2020-07-17T14:09:57","guid":{"rendered":"https:\/\/www.europabarbacoa.es\/?page_id=890"},"modified":"2026-04-13T12:36:37","modified_gmt":"2026-04-13T10:36:37","slug":"noticias","status":"publish","type":"page","link":"https:\/\/www.europabarbacoa.es\/noticias\/","title":{"rendered":"NOTICIAS"},"content":{"rendered":"\t\t<div data-elementor-type=\"wp-post\" data-elementor-id=\"890\" class=\"elementor elementor-890\" data-elementor-post-type=\"page\">\n\t\t\t\t\t\t<section class=\"elementor-section elementor-top-section elementor-element elementor-element-494f570a elementor-section-height-min-height elementor-section-content-middle elementor-section-full_width elementor-section-height-default elementor-section-items-middle\" data-id=\"494f570a\" data-element_type=\"section\" data-e-type=\"section\" id=\"inicio\" data-settings=\"{&quot;background_background&quot;:&quot;classic&quot;}\">\n\t\t\t\t\t\t\t<div class=\"elementor-background-overlay\"><\/div>\n\t\t\t\t\t\t\t<div class=\"elementor-container elementor-column-gap-extended\">\n\t\t\t\t\t<div class=\"elementor-column elementor-col-16 elementor-top-column elementor-element elementor-element-210c1c72\" data-id=\"210c1c72\" data-element_type=\"column\" data-e-type=\"column\">\n\t\t\t<div class=\"elementor-widget-wrap\">\n\t\t\t\t\t\t\t<\/div>\n\t\t<\/div>\n\t\t\t\t<div class=\"elementor-column elementor-col-66 elementor-top-column elementor-element elementor-element-7866b56d\" data-id=\"7866b56d\" data-element_type=\"column\" data-e-type=\"column\">\n\t\t\t<div class=\"elementor-widget-wrap elementor-element-populated\">\n\t\t\t\t\t\t<div class=\"elementor-element elementor-element-af74da5 elementor-invisible elementor-widget elementor-widget-heading\" data-id=\"af74da5\" data-element_type=\"widget\" data-e-type=\"widget\" data-settings=\"{&quot;_animation&quot;:&quot;fadeInUp&quot;,&quot;_animation_delay&quot;:200}\" data-widget_type=\"heading.default\">\n\t\t\t\t<div class=\"elementor-widget-container\">\n\t\t\t\t\t<h1 class=\"elementor-heading-title elementor-size-default\">Noticias de Actualidad<\/h1>\t\t\t\t<\/div>\n\t\t\t\t<\/div>\n\t\t\t\t\t<\/div>\n\t\t<\/div>\n\t\t\t\t<div class=\"elementor-column elementor-col-16 elementor-top-column elementor-element elementor-element-5dd45d67\" data-id=\"5dd45d67\" data-element_type=\"column\" data-e-type=\"column\">\n\t\t\t<div class=\"elementor-widget-wrap\">\n\t\t\t\t\t\t\t<\/div>\n\t\t<\/div>\n\t\t\t\t\t<\/div>\n\t\t<\/section>\n\t\t\t\t<section class=\"elementor-section elementor-top-section elementor-element elementor-element-4a98f8b elementor-section-boxed elementor-section-height-default elementor-section-height-default\" data-id=\"4a98f8b\" data-element_type=\"section\" data-e-type=\"section\" data-settings=\"{&quot;background_background&quot;:&quot;classic&quot;}\">\n\t\t\t\t\t\t\t<div class=\"elementor-background-overlay\"><\/div>\n\t\t\t\t\t\t\t<div class=\"elementor-container elementor-column-gap-no\">\n\t\t\t\t\t<div class=\"elementor-column elementor-col-100 elementor-top-column elementor-element elementor-element-90d1fbf\" data-id=\"90d1fbf\" data-element_type=\"column\" data-e-type=\"column\">\n\t\t\t<div class=\"elementor-widget-wrap elementor-element-populated\">\n\t\t\t\t\t\t<div class=\"elementor-element elementor-element-626bcd9 elementor-invisible elementor-widget elementor-widget-text-editor\" data-id=\"626bcd9\" data-element_type=\"widget\" data-e-type=\"widget\" data-settings=\"{&quot;_animation&quot;:&quot;fadeInUp&quot;,&quot;_animation_delay&quot;:200}\" data-widget_type=\"text-editor.default\">\n\t\t\t\t<div class=\"elementor-widget-container\">\n\t\t\t\t\t\t\t\t\t<p>En <strong>Restaurante Europa Barbacoa<\/strong> siempre pasan cosas.<br \/>No dejes de consultar este apartado para saber de nuestro d\u00eda a d\u00eda.<\/p>\t\t\t\t\t\t\t\t<\/div>\n\t\t\t\t<\/div>\n\t\t\t\t\t<\/div>\n\t\t<\/div>\n\t\t\t\t\t<\/div>\n\t\t<\/section>\n\t\t\t\t<section class=\"elementor-section elementor-top-section elementor-element elementor-element-438be5a1 elementor-section-full_width elementor-section-height-default elementor-section-height-default\" data-id=\"438be5a1\" data-element_type=\"section\" data-e-type=\"section\" data-settings=\"{&quot;background_background&quot;:&quot;gradient&quot;}\">\n\t\t\t\t\t\t\t<div class=\"elementor-background-overlay\"><\/div>\n\t\t\t\t\t\t\t<div class=\"elementor-container elementor-column-gap-no\">\n\t\t\t\t\t<div class=\"elementor-column elementor-col-100 elementor-top-column elementor-element elementor-element-7d758eb\" data-id=\"7d758eb\" data-element_type=\"column\" data-e-type=\"column\">\n\t\t\t<div class=\"elementor-widget-wrap\">\n\t\t\t\t\t\t\t<\/div>\n\t\t<\/div>\n\t\t\t\t\t<\/div>\n\t\t<\/section>\n\t\t\t\t<section class=\"elementor-section elementor-top-section elementor-element elementor-element-42578a15 elementor-section-boxed elementor-section-height-default elementor-section-height-default\" data-id=\"42578a15\" data-element_type=\"section\" data-e-type=\"section\">\n\t\t\t\t\t\t<div class=\"elementor-container elementor-column-gap-default\">\n\t\t\t\t\t<div class=\"elementor-column elementor-col-100 elementor-top-column elementor-element elementor-element-d121ba6\" data-id=\"d121ba6\" data-element_type=\"column\" data-e-type=\"column\">\n\t\t\t<div class=\"elementor-widget-wrap elementor-element-populated\">\n\t\t\t\t\t\t<div class=\"elementor-element elementor-element-4c26c707 elementor-fixed elementor-view-default elementor-widget elementor-widget-icon\" data-id=\"4c26c707\" data-element_type=\"widget\" data-e-type=\"widget\" data-settings=\"{&quot;_position&quot;:&quot;fixed&quot;}\" data-widget_type=\"icon.default\">\n\t\t\t\t<div class=\"elementor-widget-container\">\n\t\t\t\t\t\t\t<div class=\"elementor-icon-wrapper\">\n\t\t\t<a class=\"elementor-icon\" href=\"#inicio\">\n\t\t\t<i aria-hidden=\"true\" class=\"fas fa-chevron-up\"><\/i>\t\t\t<\/a>\n\t\t<\/div>\n\t\t\t\t\t\t<\/div>\n\t\t\t\t<\/div>\n\t\t\t\t\t<\/div>\n\t\t<\/div>\n\t\t\t\t\t<\/div>\n\t\t<\/section>\n\t\t\t\t<section class=\"elementor-section elementor-top-section elementor-element elementor-element-0c6d992 elementor-section-boxed elementor-section-height-default elementor-section-height-default\" data-id=\"0c6d992\" data-element_type=\"section\" data-e-type=\"section\">\n\t\t\t\t\t\t<div class=\"elementor-container elementor-column-gap-default\">\n\t\t\t\t\t<div class=\"elementor-column elementor-col-100 elementor-top-column elementor-element elementor-element-4fef788\" data-id=\"4fef788\" data-element_type=\"column\" data-e-type=\"column\">\n\t\t\t<div class=\"elementor-widget-wrap elementor-element-populated\">\n\t\t\t\t\t\t<div class=\"elementor-element elementor-element-c0d9064 elementor-grid-4 elementor-grid-tablet-2 elementor-grid-mobile-1 elementor-posts--thumbnail-top elementor-widget elementor-widget-posts\" data-id=\"c0d9064\" data-element_type=\"widget\" data-e-type=\"widget\" data-settings=\"{&quot;classic_columns&quot;:&quot;4&quot;,&quot;classic_columns_tablet&quot;:&quot;2&quot;,&quot;classic_columns_mobile&quot;:&quot;1&quot;,&quot;classic_row_gap&quot;:{&quot;unit&quot;:&quot;px&quot;,&quot;size&quot;:35,&quot;sizes&quot;:[]},&quot;classic_row_gap_tablet&quot;:{&quot;unit&quot;:&quot;px&quot;,&quot;size&quot;:&quot;&quot;,&quot;sizes&quot;:[]},&quot;classic_row_gap_mobile&quot;:{&quot;unit&quot;:&quot;px&quot;,&quot;size&quot;:&quot;&quot;,&quot;sizes&quot;:[]}}\" data-widget_type=\"posts.classic\">\n\t\t\t\t<div class=\"elementor-widget-container\">\n\t\t\t\t\t\t\t<div class=\"elementor-posts-container elementor-posts elementor-posts--skin-classic elementor-grid\">\n\t\t\t\t<article class=\"elementor-post elementor-grid-item post-2663 post type-post status-publish format-standard hentry category-sin-categoria-es\">\n\t\t\t\t<div class=\"elementor-post__text\">\n\t\t\t\t<h3 class=\"elementor-post__title\">\n\t\t\t<a href=\"https:\/\/www.europabarbacoa.es\/paella-en-castelldefels-2\/\" >\n\t\t\t\tPaella en Castelldefels\t\t\t<\/a>\n\t\t<\/h3>\n\t\t\t\t<div class=\"elementor-post__meta-data\">\n\t\t\t\t\t<span class=\"elementor-post-date\">\n\t\t\t17\/04\/2026\t\t<\/span>\n\t\t\t\t<span class=\"elementor-post-avatar\">\n\t\t\tNo hay comentarios\t\t<\/span>\n\t\t\t\t<\/div>\n\t\t\t\t<div class=\"elementor-post__excerpt\">\n\t\t\t<p>LA PAELLA NO SE IMPROVISA. Se respeta. Se trabaja. Se entiende. En Europa Barbacoa el fuego no es decoraci\u00f3n. Es parte del proceso. Ven a<\/p>\n\t\t<\/div>\n\t\t\n\t\t<a class=\"elementor-post__read-more\" href=\"https:\/\/www.europabarbacoa.es\/paella-en-castelldefels-2\/\" aria-label=\"M\u00e1s informaci\u00f3n sobre Paella en Castelldefels\" tabindex=\"-1\" >\n\t\t\tLeer m\u00e1s \u00bb\t\t<\/a>\n\n\t\t\t\t<\/div>\n\t\t\t\t<\/article>\n\t\t\t\t<article class=\"elementor-post elementor-grid-item post-2662 post type-post status-publish format-standard hentry category-sin-categoria-es\">\n\t\t\t\t<div class=\"elementor-post__text\">\n\t\t\t\t<h3 class=\"elementor-post__title\">\n\t\t\t<a href=\"https:\/\/www.europabarbacoa.es\/paella-en-castelldefels\/\" >\n\t\t\t\tPaella en Castelldefels\t\t\t<\/a>\n\t\t<\/h3>\n\t\t\t\t<div class=\"elementor-post__meta-data\">\n\t\t\t\t\t<span class=\"elementor-post-date\">\n\t\t\t15\/04\/2026\t\t<\/span>\n\t\t\t\t<span class=\"elementor-post-avatar\">\n\t\t\tNo hay comentarios\t\t<\/span>\n\t\t\t\t<\/div>\n\t\t\t\t<div class=\"elementor-post__excerpt\">\n\t\t\t<p>LA PAELLA NO SE IMPROVISA. Se respeta. Se trabaja. Se entiende. En Europa Barbacoa el fuego no es decoraci\u00f3n. Es parte del proceso. Ven a<\/p>\n\t\t<\/div>\n\t\t\n\t\t<a class=\"elementor-post__read-more\" href=\"https:\/\/www.europabarbacoa.es\/paella-en-castelldefels\/\" aria-label=\"M\u00e1s informaci\u00f3n sobre Paella en Castelldefels\" tabindex=\"-1\" >\n\t\t\tLeer m\u00e1s \u00bb\t\t<\/a>\n\n\t\t\t\t<\/div>\n\t\t\t\t<\/article>\n\t\t\t\t<article class=\"elementor-post elementor-grid-item post-2642 post type-post status-publish format-standard has-post-thumbnail hentry category-blog tag-barbacoa tag-brasas tag-carne tag-gava-mar\">\n\t\t\t\t<a class=\"elementor-post__thumbnail__link\" href=\"https:\/\/www.europabarbacoa.es\/la-brasa-no-perdona-y-por-eso-marca-la-diferencia\/\" tabindex=\"-1\" >\n\t\t\t<div class=\"elementor-post__thumbnail\"><img fetchpriority=\"high\" decoding=\"async\" width=\"800\" height=\"1200\" src=\"https:\/\/www.europabarbacoa.es\/wp-content\/uploads\/2026\/04\/view-burning-charcoal-800x1200.jpg\" class=\"attachment-medium size-medium wp-image-2647\" alt=\"\" srcset=\"https:\/\/www.europabarbacoa.es\/wp-content\/uploads\/2026\/04\/view-burning-charcoal-800x1200.jpg 800w, https:\/\/www.europabarbacoa.es\/wp-content\/uploads\/2026\/04\/view-burning-charcoal-1365x2048.jpg 1365w, https:\/\/www.europabarbacoa.es\/wp-content\/uploads\/2026\/04\/view-burning-charcoal-768x1152.jpg 768w, https:\/\/www.europabarbacoa.es\/wp-content\/uploads\/2026\/04\/view-burning-charcoal-1024x1536.jpg 1024w, https:\/\/www.europabarbacoa.es\/wp-content\/uploads\/2026\/04\/view-burning-charcoal-scaled.jpg 1707w\" sizes=\"(max-width: 800px) 100vw, 800px\" \/><\/div>\n\t\t<\/a>\n\t\t\t\t<div class=\"elementor-post__text\">\n\t\t\t\t<h3 class=\"elementor-post__title\">\n\t\t\t<a href=\"https:\/\/www.europabarbacoa.es\/la-brasa-no-perdona-y-por-eso-marca-la-diferencia\/\" >\n\t\t\t\tLA BRASA NO PERDONA\u2026 Y POR ESO MARCA LA DIFERENCIA\t\t\t<\/a>\n\t\t<\/h3>\n\t\t\t\t<div class=\"elementor-post__meta-data\">\n\t\t\t\t\t<span class=\"elementor-post-date\">\n\t\t\t13\/04\/2026\t\t<\/span>\n\t\t\t\t<span class=\"elementor-post-avatar\">\n\t\t\tNo hay comentarios\t\t<\/span>\n\t\t\t\t<\/div>\n\t\t\t\t<div class=\"elementor-post__excerpt\">\n\t\t\t<p>LA BRASA NO PERDONA\u2026 Y POR ESO MARCA LA DIFERENCIA \u00bfSab\u00edas que cocinar a la brasa no consiste solo en poner la carne sobre el<\/p>\n\t\t<\/div>\n\t\t\n\t\t<a class=\"elementor-post__read-more\" href=\"https:\/\/www.europabarbacoa.es\/la-brasa-no-perdona-y-por-eso-marca-la-diferencia\/\" aria-label=\"M\u00e1s informaci\u00f3n sobre LA BRASA NO PERDONA\u2026 Y POR ESO MARCA LA DIFERENCIA\" tabindex=\"-1\" >\n\t\t\tLeer m\u00e1s \u00bb\t\t<\/a>\n\n\t\t\t\t<\/div>\n\t\t\t\t<\/article>\n\t\t\t\t<article class=\"elementor-post elementor-grid-item post-2635 post type-post status-publish format-standard has-post-thumbnail hentry category-blog\">\n\t\t\t\t<a class=\"elementor-post__thumbnail__link\" href=\"https:\/\/www.europabarbacoa.es\/la-barbacoa-perfecta-existe-y-empieza-antes-de-encender-el-fuego\/\" tabindex=\"-1\" >\n\t\t\t<div class=\"elementor-post__thumbnail\"><img decoding=\"async\" width=\"676\" height=\"1200\" src=\"https:\/\/www.europabarbacoa.es\/wp-content\/uploads\/2026\/03\/DSC01526-676x1200.jpg\" class=\"attachment-medium size-medium wp-image-2636\" alt=\"\" srcset=\"https:\/\/www.europabarbacoa.es\/wp-content\/uploads\/2026\/03\/DSC01526-676x1200.jpg 676w, https:\/\/www.europabarbacoa.es\/wp-content\/uploads\/2026\/03\/DSC01526-768x1364.jpg 768w, https:\/\/www.europabarbacoa.es\/wp-content\/uploads\/2026\/03\/DSC01526-865x1536.jpg 865w, https:\/\/www.europabarbacoa.es\/wp-content\/uploads\/2026\/03\/DSC01526.jpg 1081w\" sizes=\"(max-width: 676px) 100vw, 676px\" \/><\/div>\n\t\t<\/a>\n\t\t\t\t<div class=\"elementor-post__text\">\n\t\t\t\t<h3 class=\"elementor-post__title\">\n\t\t\t<a href=\"https:\/\/www.europabarbacoa.es\/la-barbacoa-perfecta-existe-y-empieza-antes-de-encender-el-fuego\/\" >\n\t\t\t\tLA BARBACOA PERFECTA EXISTE\t\t\t<\/a>\n\t\t<\/h3>\n\t\t\t\t<div class=\"elementor-post__meta-data\">\n\t\t\t\t\t<span class=\"elementor-post-date\">\n\t\t\t27\/03\/2026\t\t<\/span>\n\t\t\t\t<span class=\"elementor-post-avatar\">\n\t\t\tNo hay comentarios\t\t<\/span>\n\t\t\t\t<\/div>\n\t\t\t\t<div class=\"elementor-post__excerpt\">\n\t\t\t<p>En EUROPA Barbacoa no hablamos solo de cocinar.Hablamos de ese momento en el que todo se detiene\u2026 y empieza algo mejor. Porque una buena barbacoa<\/p>\n\t\t<\/div>\n\t\t\n\t\t<a class=\"elementor-post__read-more\" href=\"https:\/\/www.europabarbacoa.es\/la-barbacoa-perfecta-existe-y-empieza-antes-de-encender-el-fuego\/\" aria-label=\"M\u00e1s informaci\u00f3n sobre LA BARBACOA PERFECTA EXISTE\" tabindex=\"-1\" >\n\t\t\tLeer m\u00e1s \u00bb\t\t<\/a>\n\n\t\t\t\t<\/div>\n\t\t\t\t<\/article>\n\t\t\t\t<article class=\"elementor-post elementor-grid-item post-2374 post type-post status-publish format-standard has-post-thumbnail hentry category-menus-especiales\">\n\t\t\t\t<a class=\"elementor-post__thumbnail__link\" href=\"https:\/\/www.europabarbacoa.es\/cenas-de-empresa\/\" tabindex=\"-1\" >\n\t\t\t<div class=\"elementor-post__thumbnail\"><img decoding=\"async\" width=\"843\" height=\"1200\" src=\"https:\/\/www.europabarbacoa.es\/wp-content\/uploads\/2023\/11\/grupos-843x1200.png\" class=\"attachment-medium size-medium wp-image-2376\" alt=\"\" srcset=\"https:\/\/www.europabarbacoa.es\/wp-content\/uploads\/2023\/11\/grupos-843x1200.png 843w, https:\/\/www.europabarbacoa.es\/wp-content\/uploads\/2023\/11\/grupos-768x1094.png 768w, https:\/\/www.europabarbacoa.es\/wp-content\/uploads\/2023\/11\/grupos-1078x1536.png 1078w, https:\/\/www.europabarbacoa.es\/wp-content\/uploads\/2023\/11\/grupos.png 1348w\" sizes=\"(max-width: 843px) 100vw, 843px\" \/><\/div>\n\t\t<\/a>\n\t\t\t\t<div class=\"elementor-post__text\">\n\t\t\t\t<h3 class=\"elementor-post__title\">\n\t\t\t<a href=\"https:\/\/www.europabarbacoa.es\/cenas-de-empresa\/\" >\n\t\t\t\tCENAS DE EMPRESA\t\t\t<\/a>\n\t\t<\/h3>\n\t\t\t\t<div class=\"elementor-post__meta-data\">\n\t\t\t\t\t<span class=\"elementor-post-date\">\n\t\t\t10\/11\/2023\t\t<\/span>\n\t\t\t\t<span class=\"elementor-post-avatar\">\n\t\t\tNo hay comentarios\t\t<\/span>\n\t\t\t\t<\/div>\n\t\t\t\t<div class=\"elementor-post__excerpt\">\n\t\t\t<p>Celebra con nosotros tu cena de grupo, con disco m\u00f3vil incluida ???????? los pr\u00f3ximos 15 y 16 de diciembre En Europa Barbacoa encontrar\u00e1s el espacio<\/p>\n\t\t<\/div>\n\t\t\n\t\t<a class=\"elementor-post__read-more\" href=\"https:\/\/www.europabarbacoa.es\/cenas-de-empresa\/\" aria-label=\"M\u00e1s informaci\u00f3n sobre CENAS DE EMPRESA\" tabindex=\"-1\" >\n\t\t\tLeer m\u00e1s \u00bb\t\t<\/a>\n\n\t\t\t\t<\/div>\n\t\t\t\t<\/article>\n\t\t\t\t<article class=\"elementor-post elementor-grid-item post-2349 post type-post status-publish format-standard has-post-thumbnail hentry category-menus-especiales\">\n\t\t\t\t<a class=\"elementor-post__thumbnail__link\" href=\"https:\/\/www.europabarbacoa.es\/menus-fiestas-de-navidad\/\" tabindex=\"-1\" >\n\t\t\t<div class=\"elementor-post__thumbnail\"><img loading=\"lazy\" decoding=\"async\" width=\"420\" height=\"595\" src=\"https:\/\/www.europabarbacoa.es\/wp-content\/uploads\/2023\/11\/muestra-PORTADA-MENU-NAVIDAD-2023-2024-EUROPA.jpg\" class=\"attachment-medium size-medium wp-image-2351\" alt=\"Men\u00fa navidades\" \/><\/div>\n\t\t<\/a>\n\t\t\t\t<div class=\"elementor-post__text\">\n\t\t\t\t<h3 class=\"elementor-post__title\">\n\t\t\t<a href=\"https:\/\/www.europabarbacoa.es\/menus-fiestas-de-navidad\/\" >\n\t\t\t\tMEN\u00daS FIESTAS de NAVIDAD\t\t\t<\/a>\n\t\t<\/h3>\n\t\t\t\t<div class=\"elementor-post__meta-data\">\n\t\t\t\t\t<span class=\"elementor-post-date\">\n\t\t\t06\/11\/2023\t\t<\/span>\n\t\t\t\t<span class=\"elementor-post-avatar\">\n\t\t\tNo hay comentarios\t\t<\/span>\n\t\t\t\t<\/div>\n\t\t\t\t<div class=\"elementor-post__excerpt\">\n\t\t\t<p>Estas navidades ven a disfrutar de la familia y los amigos, qu\u00e9 mejor que celebrar estas fiestas que en Europa Barbacoa? Ya puedes realizar tu<\/p>\n\t\t<\/div>\n\t\t\n\t\t<a class=\"elementor-post__read-more\" href=\"https:\/\/www.europabarbacoa.es\/menus-fiestas-de-navidad\/\" aria-label=\"M\u00e1s informaci\u00f3n sobre MEN\u00daS FIESTAS de NAVIDAD\" tabindex=\"-1\" >\n\t\t\tLeer m\u00e1s \u00bb\t\t<\/a>\n\n\t\t\t\t<\/div>\n\t\t\t\t<\/article>\n\t\t\t\t<\/div>\n\t\t\n\t\t\t\t\t\t<\/div>\n\t\t\t\t<\/div>\n\t\t\t\t\t<\/div>\n\t\t<\/div>\n\t\t\t\t\t<\/div>\n\t\t<\/section>\n\t\t\t\t<\/div>\n\t\t","protected":false},"excerpt":{"rendered":"<p>Noticias de Actualidad En Restaurante Europa Barbacoa siempre pasan cosas.No dejes de consultar este apartado para saber de nuestro d\u00eda a d\u00eda.<\/p>\n","protected":false},"author":1,"featured_media":1795,"parent":0,"menu_order":2,"comment_status":"closed","ping_status":"closed","template":"elementor_header_footer","meta":{"footnotes":""},"class_list":["post-890","page","type-page","status-publish","has-post-thumbnail","hentry"],"_links":{"self":[{"href":"https:\/\/www.europabarbacoa.es\/wp-json\/wp\/v2\/pages\/890","targetHints":{"allow":["GET"]}}],"collection":[{"href":"https:\/\/www.europabarbacoa.es\/wp-json\/wp\/v2\/pages"}],"about":[{"href":"https:\/\/www.europabarbacoa.es\/wp-json\/wp\/v2\/types\/page"}],"author":[{"embeddable":true,"href":"https:\/\/www.europabarbacoa.es\/wp-json\/wp\/v2\/users\/1"}],"replies":[{"embeddable":true,"href":"https:\/\/www.europabarbacoa.es\/wp-json\/wp\/v2\/comments?post=890"}],"version-history":[{"count":18,"href":"https:\/\/www.europabarbacoa.es\/wp-json\/wp\/v2\/pages\/890\/revisions"}],"predecessor-version":[{"id":2646,"href":"https:\/\/www.europabarbacoa.es\/wp-json\/wp\/v2\/pages\/890\/revisions\/2646"}],"wp:featuredmedia":[{"embeddable":true,"href":"https:\/\/www.europabarbacoa.es\/wp-json\/wp\/v2\/media\/1795"}],"wp:attachment":[{"href":"https:\/\/www.europabarbacoa.es\/wp-json\/wp\/v2\/media?parent=890"}],"curies":[{"name":"wp","href":"https:\/\/api.w.org\/{rel}","templated":true}]}}